{"id":713,"date":"2023-03-17T13:29:42","date_gmt":"2023-03-17T12:29:42","guid":{"rendered":"https:\/\/miamiadschool.es\/?page_id=713"},"modified":"2023-09-14T14:42:59","modified_gmt":"2023-09-14T12:42:59","slug":"cookie-policy","status":"publish","type":"page","link":"https:\/\/miamiadschool.es\/en\/cookie-policy\/","title":{"rendered":"Cookies policy"},"content":{"rendered":"<div data-elementor-type=\"wp-page\" data-elementor-id=\"713\" class=\"elementor elementor-713\" data-elementor-post-type=\"page\">\n\t\t\t\t\t\t<section class=\"elementor-section elementor-top-section elementor-element elementor-element-852426a elementor-section-boxed elementor-section-height-default elementor-section-height-default\" data-id=\"852426a\" data-element_type=\"section\">\n\t\t\t\t\t\t<div class=\"elementor-container elementor-column-gap-default\">\n\t\t\t\t\t<div class=\"elementor-column elementor-col-100 elementor-top-column elementor-element elementor-element-72e7a16\" data-id=\"72e7a16\" data-element_type=\"column\">\n\t\t\t<div class=\"elementor-widget-wrap elementor-element-populated\">\n\t\t\t\t\t\t<div class=\"elementor-element elementor-element-0d13a18 elementor-widget elementor-widget-text-editor\" data-id=\"0d13a18\" data-element_type=\"widget\" data-widget_type=\"text-editor.default\">\n\t\t\t\t<div class=\"elementor-widget-container\">\n\t\t\t\t\t\t\t\t\t<p class=\"tituloSeccion parrafoCero padding30\">Cookies policy<\/p>\nThis website uses cookies. For more information and to see the Cookies notice in detail, do not hesitate to consult the Cookies Policy.\n<h3>Additional information about the collection of Data and its processing<\/h3>\n<h4>Legal defense<\/h4>\nThe User&#039;s Personal Data may be used for the legal defense of the Owner in court or in the pre-judicial phases prior to a possible lawsuit arising from the abusive use by the User of this Website or the related services. The User is aware that the Owner may be required by public authorities in order to reveal Personal Data.\n<h4>Additional information about the User&#039;s Personal Data<\/h4>\nIn addition to the information contained in this privacy policy, this Website may provide the User with contextual information related to specific services or the collection and processing of Personal Data.\n<h4>System log and maintenance<\/h4>\nFor reasons related to operation and maintenance, this Website and any other third-party services used may collect a system Log, that is, files that record interactions and that may contain Personal Data, such as the User&#039;s IP address. .\n<h3>Exercise of Rights over your own information<\/h3>\nAs a user, you will be able to direct your communications and exercise your rights following the formalities imposed by Organic Law 15\/1999, of December 13, on the Protection of Personal Data and its Development Regulations. Anyone has the right to obtain confirmation as to whether personal data concerning you is processed on the site or not. Interested persons have the right to:\n<ul>\n \t<li>Request access to personal data relating to the interested party<\/li>\n \t<li>Request its rectification or deletion<\/li>\n \t<li>Request limitation of your treatment<\/li>\n \t<li>Oppose treatment<\/li>\n \t<li>Right to be Forgotten<\/li>\n<\/ul>\nThe interested parties may access their personal data, as well as request the rectification of inaccurate data or, where appropriate, request its deletion when, among other reasons, the data is no longer necessary for the purposes for which it was collected. All users will be able to edit their name, nickname, email and other data that they provide us using the forms made available for this purpose. In certain circumstances, interested parties may request the limitation of the processing of their data, in which case I will only keep them for the exercise or defense of claims. In certain circumstances and for reasons related to their particular situation, interested parties may object to the processing of their data. The site will stop processing the data, except for compelling legitimate reasons, or in the exercise or defense of possible claims. You may exercise your rights of access, rectification, cancellation and opposition by contacting the email at the beginning of this document and along with legally valid proof, such as a photocopy of your DNI or equivalent, indicating \u201cDATA PROTECTION\u201d in the subject line.\n<h3>Acceptance and Consent<\/h3>\nThe User declares to have been informed of the conditions on Protection of Personal Data, accepting and consenting to the processing thereof by the site and\/or its controller, in the manner and for the purposes indicated in this Privacy Policy.\n<h3>Revocability<\/h3>\nThe consent given, both for the treatment and for the transfer of the data of the interested parties, is revocable at any time by communicating it to the site and\/or its person responsible in the terms established in this Policy for the exercise of rights. This revocation will in no case be retroactive.\n<h3>Changes to this Privacy Policy<\/h3>\nThe site and\/or its manager reserves the right to modify this policy to adapt it to legislative or jurisprudential developments as well as industry practices. In such cases, the Provider will announce the changes introduced on this page with reasonable advance notice of their implementation.\t\t\t\t\t\t\t\t<\/div>\n\t\t\t\t<\/div>\n\t\t\t\t\t<\/div>\n\t\t<\/div>\n\t\t\t\t\t<\/div>\n\t\t<\/section>\n\t\t\t\t<\/div>","protected":false},"excerpt":{"rendered":"<p>Cookie Policy This website uses cookies. For more information and to see the detailed cookie notice, please consult the Cookie Policy. Additional information on data collection and processing. Legal defense. The User&#039;s Personal Data may be used for legal defense by the Owner in\u2026 <a title=\"Cookies policy\" class=\"read-more\" href=\"https:\/\/miamiadschool.es\/en\/cookie-policy\/\" aria-label=\"Read more about Cookies Policy\">Read more<\/a><\/p>","protected":false},"author":1,"featured_media":3303,"parent":0,"menu_order":0,"comment_status":"closed","ping_status":"closed","template":"elementor_header_footer","meta":{"footnotes":""},"class_list":["post-713","page","type-page","status-publish","has-post-thumbnail"],"yoast_head":"<!-- This site is optimized with the Yoast SEO plugin v26.1 - https:\/\/yoast.com\/wordpress\/plugins\/seo\/ -->\n<title>Pol\u00edtica de Cookies - Miami Ad School Madrid<\/title>\n<meta name=\"description\" content=\"Utilizamos cookies para mejorar la navegaci\u00f3n web. Consulta cu\u00e1les son y c\u00f3mo gestionarlas.\" \/>\n<meta name=\"robots\" content=\"noindex, nofollow\" \/>\n<meta property=\"og:locale\" content=\"en_US\" \/>\n<meta property=\"og:type\" content=\"article\" \/>\n<meta property=\"og:title\" content=\"Pol\u00edtica de Cookies - Miami Ad School Madrid\" \/>\n<meta property=\"og:description\" content=\"Utilizamos cookies para mejorar la navegaci\u00f3n web. Consulta cu\u00e1les son y c\u00f3mo gestionarlas.\" \/>\n<meta property=\"og:url\" content=\"https:\/\/miamiadschool.es\/en\/cookie-policy\/\" \/>\n<meta property=\"og:site_name\" content=\"Madrid Ad School\" \/>\n<meta property=\"article:modified_time\" content=\"2023-09-14T12:42:59+00:00\" \/>\n<meta property=\"og:image\" content=\"https:\/\/miamiadschool.es\/wp-content\/uploads\/2018\/11\/Imagen-destacada.jpg\" \/>\n\t<meta property=\"og:image:width\" content=\"900\" \/>\n\t<meta property=\"og:image:height\" content=\"600\" \/>\n\t<meta property=\"og:image:type\" content=\"image\/jpeg\" \/>\n<meta name=\"twitter:card\" content=\"summary_large_image\" \/>\n<meta name=\"twitter:label1\" content=\"Est. reading time\" \/>\n\t<meta name=\"twitter:data1\" content=\"3 minutes\" \/>\n<script type=\"application\/ld+json\" class=\"yoast-schema-graph\">{\"@context\":\"https:\/\/schema.org\",\"@graph\":[{\"@type\":\"WebPage\",\"@id\":\"https:\/\/miamiadschool.es\/politica-de-cookies\/\",\"url\":\"https:\/\/miamiadschool.es\/politica-de-cookies\/\",\"name\":\"Pol\u00edtica de Cookies - Miami Ad School Madrid\",\"isPartOf\":{\"@id\":\"https:\/\/miamiadschool.es\/#website\"},\"primaryImageOfPage\":{\"@id\":\"https:\/\/miamiadschool.es\/politica-de-cookies\/#primaryimage\"},\"image\":{\"@id\":\"https:\/\/miamiadschool.es\/politica-de-cookies\/#primaryimage\"},\"thumbnailUrl\":\"https:\/\/miamiadschool.es\/wp-content\/uploads\/2018\/11\/Imagen-destacada.jpg\",\"datePublished\":\"2023-03-17T12:29:42+00:00\",\"dateModified\":\"2023-09-14T12:42:59+00:00\",\"description\":\"Utilizamos cookies para mejorar la navegaci\u00f3n web. Consulta cu\u00e1les son y c\u00f3mo gestionarlas.\",\"breadcrumb\":{\"@id\":\"https:\/\/miamiadschool.es\/politica-de-cookies\/#breadcrumb\"},\"inLanguage\":\"en-US\",\"potentialAction\":[{\"@type\":\"ReadAction\",\"target\":[\"https:\/\/miamiadschool.es\/politica-de-cookies\/\"]}]},{\"@type\":\"ImageObject\",\"inLanguage\":\"en-US\",\"@id\":\"https:\/\/miamiadschool.es\/politica-de-cookies\/#primaryimage\",\"url\":\"https:\/\/miamiadschool.es\/wp-content\/uploads\/2018\/11\/Imagen-destacada.jpg\",\"contentUrl\":\"https:\/\/miamiadschool.es\/wp-content\/uploads\/2018\/11\/Imagen-destacada.jpg\",\"width\":900,\"height\":600},{\"@type\":\"BreadcrumbList\",\"@id\":\"https:\/\/miamiadschool.es\/politica-de-cookies\/#breadcrumb\",\"itemListElement\":[{\"@type\":\"ListItem\",\"position\":1,\"name\":\"Portada\",\"item\":\"https:\/\/miamiadschool.es\/\"},{\"@type\":\"ListItem\",\"position\":2,\"name\":\"Pol\u00edtica de Cookies\"}]},{\"@type\":\"WebSite\",\"@id\":\"https:\/\/miamiadschool.es\/#website\",\"url\":\"https:\/\/miamiadschool.es\/\",\"name\":\"Miami Ad School\",\"description\":\"Escuela de creatividad y publicidad en Madrid\",\"publisher\":{\"@id\":\"https:\/\/miamiadschool.es\/#organization\"},\"potentialAction\":[{\"@type\":\"SearchAction\",\"target\":{\"@type\":\"EntryPoint\",\"urlTemplate\":\"https:\/\/miamiadschool.es\/?s={search_term_string}\"},\"query-input\":{\"@type\":\"PropertyValueSpecification\",\"valueRequired\":true,\"valueName\":\"search_term_string\"}}],\"inLanguage\":\"en-US\"},{\"@type\":\"Organization\",\"@id\":\"https:\/\/miamiadschool.es\/#organization\",\"name\":\"Miami Ad School Madrid\",\"url\":\"https:\/\/miamiadschool.es\/\",\"logo\":{\"@type\":\"ImageObject\",\"inLanguage\":\"en-US\",\"@id\":\"https:\/\/miamiadschool.es\/#\/schema\/logo\/image\/\",\"url\":\"https:\/\/miamiadschool.es\/wp-content\/uploads\/2023\/10\/logo-mas-in-company5.png\",\"contentUrl\":\"https:\/\/miamiadschool.es\/wp-content\/uploads\/2023\/10\/logo-mas-in-company5.png\",\"width\":1000,\"height\":807,\"caption\":\"Miami Ad School Madrid\"},\"image\":{\"@id\":\"https:\/\/miamiadschool.es\/#\/schema\/logo\/image\/\"}}]}<\/script>\n<!-- \/ Yoast SEO plugin. -->","yoast_head_json":{"title":"Cookie Policy - Miami Ad School Madrid","description":"We use cookies to improve web browsing. Find out what they are and how to manage them.","robots":{"index":"noindex","follow":"nofollow"},"og_locale":"en_US","og_type":"article","og_title":"Pol\u00edtica de Cookies - Miami Ad School Madrid","og_description":"Utilizamos cookies para mejorar la navegaci\u00f3n web. Consulta cu\u00e1les son y c\u00f3mo gestionarlas.","og_url":"https:\/\/miamiadschool.es\/en\/cookie-policy\/","og_site_name":"Madrid Ad School","article_modified_time":"2023-09-14T12:42:59+00:00","og_image":[{"width":900,"height":600,"url":"https:\/\/miamiadschool.es\/wp-content\/uploads\/2018\/11\/Imagen-destacada.jpg","type":"image\/jpeg"}],"twitter_card":"summary_large_image","twitter_misc":{"Est. reading time":"3 minutes"},"schema":{"@context":"https:\/\/schema.org","@graph":[{"@type":"WebPage","@id":"https:\/\/miamiadschool.es\/politica-de-cookies\/","url":"https:\/\/miamiadschool.es\/politica-de-cookies\/","name":"Cookie Policy - Miami Ad School Madrid","isPartOf":{"@id":"https:\/\/miamiadschool.es\/#website"},"primaryImageOfPage":{"@id":"https:\/\/miamiadschool.es\/politica-de-cookies\/#primaryimage"},"image":{"@id":"https:\/\/miamiadschool.es\/politica-de-cookies\/#primaryimage"},"thumbnailUrl":"https:\/\/miamiadschool.es\/wp-content\/uploads\/2018\/11\/Imagen-destacada.jpg","datePublished":"2023-03-17T12:29:42+00:00","dateModified":"2023-09-14T12:42:59+00:00","description":"We use cookies to improve web browsing. Find out what they are and how to manage them.","breadcrumb":{"@id":"https:\/\/miamiadschool.es\/politica-de-cookies\/#breadcrumb"},"inLanguage":"en-US","potentialAction":[{"@type":"ReadAction","target":["https:\/\/miamiadschool.es\/politica-de-cookies\/"]}]},{"@type":"ImageObject","inLanguage":"en-US","@id":"https:\/\/miamiadschool.es\/politica-de-cookies\/#primaryimage","url":"https:\/\/miamiadschool.es\/wp-content\/uploads\/2018\/11\/Imagen-destacada.jpg","contentUrl":"https:\/\/miamiadschool.es\/wp-content\/uploads\/2018\/11\/Imagen-destacada.jpg","width":900,"height":600},{"@type":"BreadcrumbList","@id":"https:\/\/miamiadschool.es\/politica-de-cookies\/#breadcrumb","itemListElement":[{"@type":"ListItem","position":1,"name":"Portada","item":"https:\/\/miamiadschool.es\/"},{"@type":"ListItem","position":2,"name":"Pol\u00edtica de Cookies"}]},{"@type":"WebSite","@id":"https:\/\/miamiadschool.es\/#website","url":"https:\/\/miamiadschool.es\/","name":"Miami Ad School","description":"School of creativity and advertising in Madrid","publisher":{"@id":"https:\/\/miamiadschool.es\/#organization"},"potentialAction":[{"@type":"SearchAction","target":{"@type":"EntryPoint","urlTemplate":"https:\/\/miamiadschool.es\/?s={search_term_string}"},"query-input":{"@type":"PropertyValueSpecification","valueRequired":true,"valueName":"search_term_string"}}],"inLanguage":"en-US"},{"@type":"Organization","@id":"https:\/\/miamiadschool.es\/#organization","name":"Miami Ad School Madrid","url":"https:\/\/miamiadschool.es\/","logo":{"@type":"ImageObject","inLanguage":"en-US","@id":"https:\/\/miamiadschool.es\/#\/schema\/logo\/image\/","url":"https:\/\/miamiadschool.es\/wp-content\/uploads\/2023\/10\/logo-mas-in-company5.png","contentUrl":"https:\/\/miamiadschool.es\/wp-content\/uploads\/2023\/10\/logo-mas-in-company5.png","width":1000,"height":807,"caption":"Miami Ad School Madrid"},"image":{"@id":"https:\/\/miamiadschool.es\/#\/schema\/logo\/image\/"}}]}},"_links":{"self":[{"href":"https:\/\/miamiadschool.es\/en\/wp-json\/wp\/v2\/pages\/713","targetHints":{"allow":["GET"]}}],"collection":[{"href":"https:\/\/miamiadschool.es\/en\/wp-json\/wp\/v2\/pages"}],"about":[{"href":"https:\/\/miamiadschool.es\/en\/wp-json\/wp\/v2\/types\/page"}],"author":[{"embeddable":true,"href":"https:\/\/miamiadschool.es\/en\/wp-json\/wp\/v2\/users\/1"}],"replies":[{"embeddable":true,"href":"https:\/\/miamiadschool.es\/en\/wp-json\/wp\/v2\/comments?post=713"}],"version-history":[{"count":0,"href":"https:\/\/miamiadschool.es\/en\/wp-json\/wp\/v2\/pages\/713\/revisions"}],"wp:featuredmedia":[{"embeddable":true,"href":"https:\/\/miamiadschool.es\/en\/wp-json\/wp\/v2\/media\/3303"}],"wp:attachment":[{"href":"https:\/\/miamiadschool.es\/en\/wp-json\/wp\/v2\/media?parent=713"}],"curies":[{"name":"wp","href":"https:\/\/api.w.org\/{rel}","templated":true}]}}